{"id":21,"date":"2019-03-18T10:06:00","date_gmt":"2019-03-18T09:06:00","guid":{"rendered":"http:\/\/bieganski.czest.pl\/erasmus\/?page_id=21"},"modified":"2020-01-17T23:52:08","modified_gmt":"2020-01-17T22:52:08","slug":"strona-glowna","status":"publish","type":"page","link":"http:\/\/bieganski.czest.pl\/erasmus\/","title":{"rendered":"Main page"},"content":{"rendered":"<p>English and Polish version.<\/p>\n<p>Welcome. This is the official Biega\u0144ski secondary school\u00a0 webpage of Erasmus + project entitled <em>ENTREPRENEURIAL YOUNG CITIZENS OF MODERN EUROPE (EYCME)<\/em> Here you can find a lot of information on our Erasmus project such as \u00a0 photos, presentations,\u00a0 videos and other creative stuff that will show you how hard we work on the two-year-old project.<\/p>\n<pre id=\"tw-target-text\" class=\"tw-data-text tw-text-large tw-ta\" dir=\"ltr\" data-placeholder=\"T\u0142umaczenie\"><span lang=\"pl\">Witamy. To jest oficjalna strona internetowa projektu Erasmus+ pt.:PRZEDSI\u0118BIORCZy M\u0141ODZI OBYWATELE NOWOCZESNEJ EUROPY (EYCME) Tutaj mo\u017cna znale\u017a\u0107 wiele informacji na temat naszego projektu Erasmus+, takich jak zdj\u0119cia, prezentacje, filmy i inne kreatywne rzeczy, kt\u00f3re s\u0105 dowodem na to , jak ci\u0119\u017cko pracujemyw tym  dwuletnim projekcie.<\/span><\/pre>\n","protected":false},"excerpt":{"rendered":"<p>English and Polish version. Welcome. This is the official Biega\u0144ski secondary school\u00a0 webpage of Erasmus + project entitled ENTREPRENEURIAL YOUNG CITIZENS OF MODERN EUROPE (EYCME) Here you can find a lot of information on our Erasmus project such as \u00a0 photos, presentations,\u00a0 videos and other creative stuff that will show you how hard we work &hellip; <\/p>\n<p class=\"link-more\"><a href=\"http:\/\/bieganski.czest.pl\/erasmus\/\" class=\"more-link\">Czytaj dalej<span class=\"screen-reader-text\"> Main page<\/span><\/a><\/p>\n","protected":false},"author":2,"featured_media":0,"parent":0,"menu_order":0,"comment_status":"closed","ping_status":"closed","template":"","meta":[],"_links":{"self":[{"href":"http:\/\/bieganski.czest.pl\/erasmus\/index.php\/wp-json\/wp\/v2\/pages\/21"}],"collection":[{"href":"http:\/\/bieganski.czest.pl\/erasmus\/index.php\/wp-json\/wp\/v2\/pages"}],"about":[{"href":"http:\/\/bieganski.czest.pl\/erasmus\/index.php\/wp-json\/wp\/v2\/types\/page"}],"author":[{"embeddable":true,"href":"http:\/\/bieganski.czest.pl\/erasmus\/index.php\/wp-json\/wp\/v2\/users\/2"}],"replies":[{"embeddable":true,"href":"http:\/\/bieganski.czest.pl\/erasmus\/index.php\/wp-json\/wp\/v2\/comments?post=21"}],"version-history":[{"count":11,"href":"http:\/\/bieganski.czest.pl\/erasmus\/index.php\/wp-json\/wp\/v2\/pages\/21\/revisions"}],"predecessor-version":[{"id":617,"href":"http:\/\/bieganski.czest.pl\/erasmus\/index.php\/wp-json\/wp\/v2\/pages\/21\/revisions\/617"}],"wp:attachment":[{"href":"http:\/\/bieganski.czest.pl\/erasmus\/index.php\/wp-json\/wp\/v2\/media?parent=21"}],"curies":[{"name":"wp","href":"https:\/\/api.w.org\/{rel}","templated":true}]}}